{"id":178,"date":"2023-12-11T00:50:15","date_gmt":"2023-12-10T23:50:15","guid":{"rendered":"https:\/\/aurelie-simon-psychologue.fr\/?page_id=178"},"modified":"2024-02-26T10:14:19","modified_gmt":"2024-02-26T09:14:19","slug":"me-contacter","status":"publish","type":"page","link":"https:\/\/aurelie-simon-psychologue.fr\/?page_id=178","title":{"rendered":"Me contacter"},"content":{"rendered":"\n<div class=\"wp-block-columns is-layout-flex wp-container-core-columns-is-layout-9d6595d7 wp-block-columns-is-layout-flex\">\n<div class=\"wp-block-column is-layout-flow wp-block-column-is-layout-flow\">\n<div style=\"background:#fff;box-shadow:0px 1px 4px rgba(1, 53, 134, 0.16), 0px 0px 1px rgba(1, 53, 134, 0.1);border-radius:8px;padding:16px;font-size:14px;font-family:Roboto, sans-serif;width:fit-content\"><div style=\"display:flex;margin-bottom:16px;gap:16px\"><img decoding=\"async\" alt=\"\" src=\"\/\/media.doctolib.com\/image\/upload\/q_auto:eco,f_auto,dpr_2\/w_48,h_48,c_fill,g_face\/yuqkua5sb0fw6nfsp8mf\" style=\"border-radius:50%;width:48px;height:48px\"\/><div><div style=\"font-weight:bold;color:#107ACA;line-height:24px\">Mme Aur\u00e9lie SIMON<\/div><div style=\"display:flex;gap:4px;align-items:center;line-height:24px;color:#2B4660\"><svg width=\"16\" height=\"16\" viewBox=\"0 0 16 16\" fill=\"currentColor\" xmlns=\"http:\/\/www.w3.org\/2000\/svg\" aria-hidden=\"true\" focusable=\"false\" class=\"dl-icon dl-icon-xsmall\" data-icon-name=\"regular\/location-dot\" data-design-system=\"oxygen\" data-design-system-component=\"Icon\"><path d=\"M9.875 6.5A1.866 1.866 0 0 1 8 8.375 1.851 1.851 0 0 1 6.125 6.5c0-1.031.82-1.875 1.875-1.875A1.88 1.88 0 0 1 9.875 6.5ZM8 5.75a.755.755 0 0 0-.75.75c0 .422.328.75.75.75.398 0 .75-.328.75-.75A.771.771 0 0 0 8 5.75Zm4.5.75c0 2.063-2.742 5.695-3.96 7.219a.707.707 0 0 1-1.102 0C6.218 12.195 3.5 8.563 3.5 6.5 3.5 4.016 5.492 2 8 2c2.484 0 4.5 2.016 4.5 4.5ZM8 3.125A3.376 3.376 0 0 0 4.625 6.5c0 .305.094.75.352 1.36.234.562.585 1.218.984 1.874A35.858 35.858 0 0 0 8 12.594c.563-.75 1.336-1.781 2.016-2.86.398-.656.75-1.312.984-1.875.258-.609.375-1.054.375-1.359A3.391 3.391 0 0 0 8 3.125Z\"><\/path><\/svg>Aix-en-Provence<\/div><\/div><\/div><a href=\"https:\/\/www.doctolib.fr\/psychologue\/venelles\/aurelie-simon\/booking?utm_campaign=website-button&amp;utm_source=aurelie-simon-website-button&amp;utm_medium=referral&amp;utm_content=withpreview-white-inlined&amp;utm_term=aurelie-simon\" target=\"_blank\" style=\"display:flex;gap:8px;padding:8px 16px;height:40px;background:#107ACA;border-radius:8px;color:white;justify-content:center;align-items:center;font-weight:700;font-size:14px;text-transform:uppercase;text-decoration:none\" aria-label=\"Prendre rendez-vous Doctolib\" rel=\"noopener\"><svg xml:space=\"preserve\" width=\"16\" height=\"16\" viewBox=\"0 0 16 16\" fill=\"currentColor\" xmlns=\"http:\/\/www.w3.org\/2000\/svg\" enable-background=\"new 0 0 16 16\" x=\"0px\" y=\"0px\" aria-hidden=\"true\" focusable=\"false\" style=\"height:16px;width:16px\" class=\"dl-icon dl-icon-xsmall\" data-icon-name=\"regular\/doctolib-logo\" data-design-system=\"oxygen\" data-design-system-component=\"Icon\"><path d=\"M12.8 7.8c.3-1.6.3-4.8-4.8-5.3-1.3-.1-3.4.2-4.8.5v.1c0 .1.2.3.4.4.1.1.4 0 .5 0 4.6-.4 7.9.6 7.3 4-.3 1.9-1.6 4.4-5.1 4.4-.7 0-.8-.1-.7-.6 0-.1 1.1-5.9 1.2-6.5 0 0-.8-.2-1 .6 0 .2-1.9 7-2 7.4-.1.5.2.8 2.5.8 5.5-.1 6.3-4.8 6.5-5.8z\"><\/path><\/svg>Prendre rendez-vous<\/a><\/div>\n<\/div>\n\n\n\n<div class=\"wp-block-column is-layout-flow wp-block-column-is-layout-flow\">\n<p><\/p>\n\n\n\n<p class=\"has-black-color has-lightest-gray-background-color has-text-color has-background has-link-color wp-elements-5975fab64826f883fa0da5f6977035e4\" style=\"font-size:18px;font-style:normal;font-weight:700\">T\u00e9l\u00e9phone : 07 85 81 78 77<\/p>\n<\/div>\n<\/div>\n\n\n\n<p class=\"has-black-color has-lightest-gray-background-color has-text-color has-background has-link-color wp-elements-ddd28489d223c9599670fc322544934f\" style=\"font-size:18px;font-style:normal;font-weight:700\">Contact par mail :<\/p>\n\n\n\n<div class=\"wpforms-container wpforms-container-full wpforms-render-modern\" id=\"wpforms-196\"><form id=\"wpforms-form-196\" class=\"wpforms-validate wpforms-form wpforms-ajax-form\" data-formid=\"196\" method=\"post\" enctype=\"multipart\/form-data\" action=\"\/index.php?rest_route=%2Fwp%2Fv2%2Fpages%2F178\" data-token=\"7dafefa3adca6a4345320fd80d03bcb0\"><noscript class=\"wpforms-error-noscript\">Veuillez activer JavaScript dans votre navigateur pour remplir ce formulaire.<\/noscript><div class=\"wpforms-hidden\" id=\"wpforms-error-noscript\">Veuillez activer JavaScript dans votre navigateur pour remplir ce formulaire.<\/div><div class=\"wpforms-field-container\"><div id=\"wpforms-196-field_0-container\" class=\"wpforms-field wpforms-field-name\" data-field-id=\"0\"><fieldset><legend class=\"wpforms-field-label\">Nom <span class=\"wpforms-required-label\" aria-hidden=\"true\">*<\/span><\/legend><div class=\"wpforms-field-row wpforms-field-medium\"><div class=\"wpforms-field-row-block wpforms-first wpforms-one-half\"><input type=\"text\" id=\"wpforms-196-field_0\" class=\"wpforms-field-name-first wpforms-field-required\" name=\"wpforms[fields][0][first]\" aria-errormessage=\"wpforms-196-field_0-error\" required><label for=\"wpforms-196-field_0\" class=\"wpforms-field-sublabel after \">Pr\u00e9nom<\/label><\/div><div class=\"wpforms-field-row-block wpforms-one-half\"><input type=\"text\" id=\"wpforms-196-field_0-last\" class=\"wpforms-field-name-last wpforms-field-required\" name=\"wpforms[fields][0][last]\" aria-errormessage=\"wpforms-196-field_0-last-error\" required><label for=\"wpforms-196-field_0-last\" class=\"wpforms-field-sublabel after \">Nom<\/label><\/div><\/div><\/fieldset><\/div><div id=\"wpforms-196-field_1-container\" class=\"wpforms-field wpforms-field-email\" data-field-id=\"1\"><label class=\"wpforms-field-label\" for=\"wpforms-196-field_1\">E-mail <span class=\"wpforms-required-label\" aria-hidden=\"true\">*<\/span><\/label><input type=\"email\" id=\"wpforms-196-field_1\" class=\"wpforms-field-medium wpforms-field-required\" name=\"wpforms[fields][1]\" spellcheck=\"false\" aria-errormessage=\"wpforms-196-field_1-error\" required><\/div><div id=\"wpforms-196-field_2-container\" class=\"wpforms-field wpforms-field-textarea\" data-field-id=\"2\"><label class=\"wpforms-field-label\" for=\"wpforms-196-field_2\">Commentaire ou message<\/label><textarea id=\"wpforms-196-field_2\" class=\"wpforms-field-medium\" name=\"wpforms[fields][2]\" aria-errormessage=\"wpforms-196-field_2-error\" ><\/textarea><\/div><\/div><!-- .wpforms-field-container --><div class=\"wpforms-submit-container\" ><input type=\"hidden\" name=\"wpforms[id]\" value=\"196\"><input type=\"hidden\" name=\"wpforms[author]\" value=\"1\"><button type=\"submit\" name=\"wpforms[submit]\" id=\"wpforms-submit-196\" class=\"wpforms-submit\" data-alt-text=\"Envoi...\" data-submit-text=\"Envoyer\" aria-live=\"assertive\" value=\"wpforms-submit\">Envoyer<\/button><img loading=\"lazy\" decoding=\"async\" src=\"https:\/\/aurelie-simon-psychologue.fr\/wp-content\/plugins\/wpforms-lite\/assets\/images\/submit-spin.svg\" class=\"wpforms-submit-spinner\" style=\"display: none;\" width=\"26\" height=\"26\" alt=\"Chargement en cours\"><\/div><\/form><\/div>  <!-- .wpforms-container -->\n","protected":false},"excerpt":{"rendered":"<p>Mme Aur\u00e9lie SIMON Aix-en-Provence Prendre rendez-vous T\u00e9l\u00e9phone : 07 85 81 78 77 Contact par mail :<\/p>\n","protected":false},"author":1,"featured_media":0,"parent":0,"menu_order":0,"comment_status":"closed","ping_status":"closed","template":"","meta":{"om_disable_all_campaigns":false,"_monsterinsights_skip_tracking":false,"_monsterinsights_sitenote_active":false,"_monsterinsights_sitenote_note":"","_monsterinsights_sitenote_category":0,"_uf_show_specific_survey":0,"_uf_disable_surveys":false,"footnotes":""},"class_list":["post-178","page","type-page","status-publish","hentry","missing-thumbnail"],"aioseo_notices":[],"_links":{"self":[{"href":"https:\/\/aurelie-simon-psychologue.fr\/index.php?rest_route=\/wp\/v2\/pages\/178","targetHints":{"allow":["GET"]}}],"collection":[{"href":"https:\/\/aurelie-simon-psychologue.fr\/index.php?rest_route=\/wp\/v2\/pages"}],"about":[{"href":"https:\/\/aurelie-simon-psychologue.fr\/index.php?rest_route=\/wp\/v2\/types\/page"}],"author":[{"embeddable":true,"href":"https:\/\/aurelie-simon-psychologue.fr\/index.php?rest_route=\/wp\/v2\/users\/1"}],"replies":[{"embeddable":true,"href":"https:\/\/aurelie-simon-psychologue.fr\/index.php?rest_route=%2Fwp%2Fv2%2Fcomments&post=178"}],"version-history":[{"count":10,"href":"https:\/\/aurelie-simon-psychologue.fr\/index.php?rest_route=\/wp\/v2\/pages\/178\/revisions"}],"predecessor-version":[{"id":713,"href":"https:\/\/aurelie-simon-psychologue.fr\/index.php?rest_route=\/wp\/v2\/pages\/178\/revisions\/713"}],"wp:attachment":[{"href":"https:\/\/aurelie-simon-psychologue.fr\/index.php?rest_route=%2Fwp%2Fv2%2Fmedia&parent=178"}],"curies":[{"name":"wp","href":"https:\/\/api.w.org\/{rel}","templated":true}]}}